{"id":1958,"date":"2021-10-09T19:55:29","date_gmt":"2021-10-09T17:55:29","guid":{"rendered":"https:\/\/angelinaroth.com\/?page_id=1958"},"modified":"2021-10-11T14:02:59","modified_gmt":"2021-10-11T12:02:59","slug":"impressum","status":"publish","type":"page","link":"https:\/\/angelinaroth.com\/en\/imprint\/","title":{"rendered":"Imprint"},"content":{"rendered":"<div data-elementor-type=\"wp-page\" data-elementor-id=\"1958\" class=\"elementor elementor-1958\" data-elementor-post-type=\"page\">\n\t\t\t\t\t\t<section class=\"elementor-section elementor-top-section elementor-element elementor-element-e315cc5 elementor-section-boxed elementor-section-height-default elementor-section-height-default\" data-id=\"e315cc5\" data-element_type=\"section\" data-e-type=\"section\">\n\t\t\t\t\t\t<div class=\"elementor-container elementor-column-gap-default\">\n\t\t\t\t\t<div class=\"elementor-column elementor-col-100 elementor-top-column elementor-element elementor-element-2c293b7\" data-id=\"2c293b7\" data-element_type=\"column\" data-e-type=\"column\">\n\t\t\t<div class=\"elementor-widget-wrap elementor-element-populated\">\n\t\t\t\t\t\t<div class=\"elementor-element elementor-element-6f1f724 elementor-widget elementor-widget-heading\" data-id=\"6f1f724\" data-element_type=\"widget\" data-e-type=\"widget\" data-widget_type=\"heading.default\">\n\t\t\t\t<div class=\"elementor-widget-container\">\n\t\t\t\t\t<h2 class=\"elementor-heading-title elementor-size-default\">Imprint<\/h2>\t\t\t\t<\/div>\n\t\t\t\t<\/div>\n\t\t\t\t<div class=\"elementor-element elementor-element-f2ebff4 elementor-widget elementor-widget-text-editor\" data-id=\"f2ebff4\" data-element_type=\"widget\" data-e-type=\"widget\" data-widget_type=\"text-editor.default\">\n\t\t\t\t<div class=\"elementor-widget-container\">\n\t\t\t\t\t\t\t\t\t<div class=\"elementor-widget-container\"><p>Angelina Roth<br \/>Basel<br \/>Switzerland<\/p><p>\u00a0<\/p><p><b>Disclaimer<\/b><br \/><b><\/b><\/p><\/div><div class=\"elementor-widget-container\"><p>Liability for links:<\/p><p>This page contains links to external websites of third parties, for whose contents no liability can be assumed. The respective provider or operator of the pages is always responsible for the content of the linked pages. If we become aware of any legal violations, the corresponding links will be removed immediately.<\/p><p>Liability for content:<\/p><p>The contents of this website were created with the utmost care. However, no guarantee can be given for the correctness, completeness and up-to-dateness of the contents. We are responsible for our own content on these pages in accordance with general laws. However, any liability in this respect is only possible from the point in time at which we become aware of a concrete infringement of the law. If we become aware of any such infringements, the relevant content will be removed immediately.<\/p><p><b><br \/>Copyright<\/b><\/p><p>The contents and works on these pages are subject to copyright. Duplication, processing, distribution, or any form of commercialization of such material beyond the scope of the copyright law shall require the prior written consent of its respective author or creator. Downloads and copies of this site are only permitted for private, non-commercial use. Insofar as the content on this site was not created by the operator, the copyrights of third parties are respected. In particular, third-party content is identified as such. Should you nevertheless become aware of a copyright infringement, please inform us accordingly. If we become aware of any infringements, we will remove such content immediately.<\/p><\/div>\t\t\t\t\t\t\t\t<\/div>\n\t\t\t\t<\/div>\n\t\t\t\t\t<\/div>\n\t\t<\/div>\n\t\t\t\t\t<\/div>\n\t\t<\/section>\n\t\t\t\t<\/div>","protected":false},"excerpt":{"rendered":"<p>Impressum Angelina RothBaselSchweiz \u00a0 Haftungsausschluss Haftung f\u00fcr Links: Diese Seite enth\u00e4lt Links zu externen Websites Dritter, f\u00fcr deren Inhalte keine Gew\u00e4hr \u00fcbernommen werden kann. F\u00fcr die Inhalte der verlinkten Seiten ist stets der jeweilige Anbieter oder Betreiber der Seiten verantwortlich. Bei Bekanntwerden von Rechtsverletzungen werden die entsprechenden Links umgehend entfernt. Haftung f\u00fcr Inhalt: Die Inhalte [&hellip;]<\/p>\n","protected":false},"author":3,"featured_media":0,"parent":0,"menu_order":0,"comment_status":"closed","ping_status":"closed","template":"","meta":{"_mo_disable_npp":"","footnotes":""},"class_list":["post-1958","page","type-page","status-publish","hentry"],"_links":{"self":[{"href":"https:\/\/angelinaroth.com\/en\/wp-json\/wp\/v2\/pages\/1958","targetHints":{"allow":["GET"]}}],"collection":[{"href":"https:\/\/angelinaroth.com\/en\/wp-json\/wp\/v2\/pages"}],"about":[{"href":"https:\/\/angelinaroth.com\/en\/wp-json\/wp\/v2\/types\/page"}],"author":[{"embeddable":true,"href":"https:\/\/angelinaroth.com\/en\/wp-json\/wp\/v2\/users\/3"}],"replies":[{"embeddable":true,"href":"https:\/\/angelinaroth.com\/en\/wp-json\/wp\/v2\/comments?post=1958"}],"version-history":[{"count":0,"href":"https:\/\/angelinaroth.com\/en\/wp-json\/wp\/v2\/pages\/1958\/revisions"}],"wp:attachment":[{"href":"https:\/\/angelinaroth.com\/en\/wp-json\/wp\/v2\/media?parent=1958"}],"curies":[{"name":"wp","href":"https:\/\/api.w.org\/{rel}","templated":true}]}}