{"id":31,"date":"2021-08-19T10:58:48","date_gmt":"2021-08-19T08:58:48","guid":{"rendered":"https:\/\/angelinaroth.com\/gallery\/"},"modified":"2024-04-10T10:11:22","modified_gmt":"2024-04-10T08:11:22","slug":"blog","status":"publish","type":"page","link":"https:\/\/angelinaroth.com\/en\/blog\/","title":{"rendered":"Blog"},"content":{"rendered":"<div data-elementor-type=\"wp-page\" data-elementor-id=\"31\" class=\"elementor elementor-31\" data-elementor-post-type=\"page\">\n\t\t\t\t\t\t<section class=\"elementor-section elementor-top-section elementor-element elementor-element-340de553 elementor-section-boxed elementor-section-height-default elementor-section-height-default\" data-id=\"340de553\" data-element_type=\"section\" data-e-type=\"section\">\n\t\t\t\t\t\t<div class=\"elementor-container elementor-column-gap-no\">\n\t\t\t\t\t<div class=\"elementor-column elementor-col-100 elementor-top-column elementor-element elementor-element-58bf1bbe\" data-id=\"58bf1bbe\" data-element_type=\"column\" data-e-type=\"column\">\n\t\t\t<div class=\"elementor-widget-wrap elementor-element-populated\">\n\t\t\t\t\t\t<div class=\"elementor-element elementor-element-504149e elementor-invisible elementor-widget elementor-widget-heading\" data-id=\"504149e\" data-element_type=\"widget\" data-e-type=\"widget\" data-settings=\"{&quot;_animation&quot;:&quot;fadeInUp&quot;}\" data-widget_type=\"heading.default\">\n\t\t\t\t<div class=\"elementor-widget-container\">\n\t\t\t\t\t<h2 class=\"elementor-heading-title elementor-size-default\">Hypomnemata<\/h2>\t\t\t\t<\/div>\n\t\t\t\t<\/div>\n\t\t\t\t<div class=\"elementor-element elementor-element-dc0e4c8 elementor-widget elementor-widget-text-editor\" data-id=\"dc0e4c8\" data-element_type=\"widget\" data-e-type=\"widget\" data-widget_type=\"text-editor.default\">\n\t\t\t\t<div class=\"elementor-widget-container\">\n\t\t\t\t\t\t\t\t\t<p>For the ancient Greeks, the hypomnemata was a book in which personal thoughts, observations, ideas and useful knowledge were recorded. So this is a collection of objets trouv\u00e9s and other beauties - in a timeless continuum.<\/p><p>*The series Art and Body has ended for the time being. But I am confident that there will soon be inspiration for a continuation.<\/p>\t\t\t\t\t\t\t\t<\/div>\n\t\t\t\t<\/div>\n\t\t\t\t\t<\/div>\n\t\t<\/div>\n\t\t\t\t\t<\/div>\n\t\t<\/section>\n\t\t\t\t<section class=\"elementor-section elementor-top-section elementor-element elementor-element-d247a0f elementor-section-boxed elementor-section-height-default elementor-section-height-default\" data-id=\"d247a0f\" data-element_type=\"section\" data-e-type=\"section\">\n\t\t\t\t\t\t<div class=\"elementor-container elementor-column-gap-default\">\n\t\t\t\t\t<div class=\"elementor-column elementor-col-100 elementor-top-column elementor-element elementor-element-f053d68\" data-id=\"f053d68\" data-element_type=\"column\" data-e-type=\"column\">\n\t\t\t<div class=\"elementor-widget-wrap elementor-element-populated\">\n\t\t\t\t\t\t<div class=\"elementor-element elementor-element-752fefb elementor-grid-3 elementor-grid-tablet-2 elementor-grid-mobile-1 elementor-widget elementor-widget-portfolio\" data-id=\"752fefb\" data-element_type=\"widget\" data-e-type=\"widget\" data-settings=\"{&quot;row_gap&quot;:{&quot;unit&quot;:&quot;px&quot;,&quot;size&quot;:45,&quot;sizes&quot;:[]},&quot;columns&quot;:&quot;3&quot;,&quot;columns_tablet&quot;:&quot;2&quot;,&quot;columns_mobile&quot;:&quot;1&quot;,&quot;item_ratio&quot;:{&quot;unit&quot;:&quot;px&quot;,&quot;size&quot;:0.66000000000000003108624468950438313186168670654296875,&quot;sizes&quot;:[]},&quot;item_gap&quot;:{&quot;unit&quot;:&quot;px&quot;,&quot;size&quot;:&quot;&quot;,&quot;sizes&quot;:[]}}\" data-widget_type=\"portfolio.default\">\n\t\t\t\t<div class=\"elementor-widget-container\">\n\t\t\t\t\t\t\t<div class=\"elementor-portfolio elementor-grid elementor-posts-container\" role=\"list\">\n\t\t\t\t<article class=\"elementor-portfolio-item elementor-post  post-11145 post type-post status-publish format-standard has-post-thumbnail hentry category-allgemein\" role=\"listitem\">\n\t\t\t<a class=\"elementor-post__thumbnail__link\" href=\"https:\/\/angelinaroth.com\/en\/literary-taste\/\">\n\t\t\t\t<div class=\"elementor-portfolio-item__img elementor-post__thumbnail\">\n\t\t\t<img fetchpriority=\"high\" decoding=\"async\" width=\"800\" height=\"450\" src=\"https:\/\/angelinaroth.com\/wp-content\/uploads\/2024\/10\/literarische-vorkost-1024x576.jpg\" class=\"attachment-large size-large wp-image-11146\" alt=\"deborah-levy-augustblue\" srcset=\"https:\/\/angelinaroth.com\/wp-content\/uploads\/2024\/10\/literarische-vorkost-1024x576.jpg 1024w, https:\/\/angelinaroth.com\/wp-content\/uploads\/2024\/10\/literarische-vorkost-300x169.jpg 300w, https:\/\/angelinaroth.com\/wp-content\/uploads\/2024\/10\/literarische-vorkost-768x432.jpg 768w, https:\/\/angelinaroth.com\/wp-content\/uploads\/2024\/10\/literarische-vorkost-1536x864.jpg 1536w, https:\/\/angelinaroth.com\/wp-content\/uploads\/2024\/10\/literarische-vorkost-18x10.jpg 18w, https:\/\/angelinaroth.com\/wp-content\/uploads\/2024\/10\/literarische-vorkost.jpg 1920w\" sizes=\"(max-width: 800px) 100vw, 800px\" \/>\t\t<\/div>\n\t\t\t\t<div class=\"elementor-portfolio-item__overlay\">\n\t\t\t\t<h3 class=\"elementor-portfolio-item__title\">\n\t\tLiterary taster\t\t<\/h3>\n\t\t\t\t<\/div>\n\t\t\t\t<\/a>\n\t\t<\/article>\n\t\t\t\t<article class=\"elementor-portfolio-item elementor-post  post-11052 post type-post status-publish format-standard has-post-thumbnail hentry category-allgemein\" role=\"listitem\">\n\t\t\t<a class=\"elementor-post__thumbnail__link\" href=\"https:\/\/angelinaroth.com\/en\/how-to-art-without-coffee\/\">\n\t\t\t\t<div class=\"elementor-portfolio-item__img elementor-post__thumbnail\">\n\t\t\t<img decoding=\"async\" width=\"800\" height=\"450\" src=\"https:\/\/angelinaroth.com\/wp-content\/uploads\/2024\/04\/kunst-ohne-kaffee-angelina-roth-1024x576.jpg\" class=\"attachment-large size-large wp-image-11053\" alt=\"\" srcset=\"https:\/\/angelinaroth.com\/wp-content\/uploads\/2024\/04\/kunst-ohne-kaffee-angelina-roth-1024x576.jpg 1024w, https:\/\/angelinaroth.com\/wp-content\/uploads\/2024\/04\/kunst-ohne-kaffee-angelina-roth-300x169.jpg 300w, https:\/\/angelinaroth.com\/wp-content\/uploads\/2024\/04\/kunst-ohne-kaffee-angelina-roth-768x432.jpg 768w, https:\/\/angelinaroth.com\/wp-content\/uploads\/2024\/04\/kunst-ohne-kaffee-angelina-roth-1536x864.jpg 1536w, https:\/\/angelinaroth.com\/wp-content\/uploads\/2024\/04\/kunst-ohne-kaffee-angelina-roth-18x10.jpg 18w, https:\/\/angelinaroth.com\/wp-content\/uploads\/2024\/04\/kunst-ohne-kaffee-angelina-roth.jpg 1920w\" sizes=\"(max-width: 800px) 100vw, 800px\" \/>\t\t<\/div>\n\t\t\t\t<div class=\"elementor-portfolio-item__overlay\">\n\t\t\t\t<h3 class=\"elementor-portfolio-item__title\">\n\t\tHow to art without coffee\t\t<\/h3>\n\t\t\t\t<\/div>\n\t\t\t\t<\/a>\n\t\t<\/article>\n\t\t\t\t<article class=\"elementor-portfolio-item elementor-post  post-11043 post type-post status-publish format-standard has-post-thumbnail hentry category-allgemein\" role=\"listitem\">\n\t\t\t<a class=\"elementor-post__thumbnail__link\" href=\"https:\/\/angelinaroth.com\/en\/political-pigments\/\">\n\t\t\t\t<div class=\"elementor-portfolio-item__img elementor-post__thumbnail\">\n\t\t\t<img decoding=\"async\" width=\"800\" height=\"500\" src=\"https:\/\/angelinaroth.com\/wp-content\/uploads\/2024\/03\/pink-blue-angelina-roth-1024x640.jpg\" class=\"attachment-large size-large wp-image-11044\" alt=\"\" srcset=\"https:\/\/angelinaroth.com\/wp-content\/uploads\/2024\/03\/pink-blue-angelina-roth-1024x640.jpg 1024w, https:\/\/angelinaroth.com\/wp-content\/uploads\/2024\/03\/pink-blue-angelina-roth-300x188.jpg 300w, https:\/\/angelinaroth.com\/wp-content\/uploads\/2024\/03\/pink-blue-angelina-roth-768x480.jpg 768w, https:\/\/angelinaroth.com\/wp-content\/uploads\/2024\/03\/pink-blue-angelina-roth-18x12.jpg 18w, https:\/\/angelinaroth.com\/wp-content\/uploads\/2024\/03\/pink-blue-angelina-roth.jpg 1280w\" sizes=\"(max-width: 800px) 100vw, 800px\" \/>\t\t<\/div>\n\t\t\t\t<div class=\"elementor-portfolio-item__overlay\">\n\t\t\t\t<h3 class=\"elementor-portfolio-item__title\">\n\t\tPolitical pigments\t\t<\/h3>\n\t\t\t\t<\/div>\n\t\t\t\t<\/a>\n\t\t<\/article>\n\t\t\t\t<article class=\"elementor-portfolio-item elementor-post  post-10972 post type-post status-publish format-standard has-post-thumbnail hentry category-allgemein\" role=\"listitem\">\n\t\t\t<a class=\"elementor-post__thumbnail__link\" href=\"https:\/\/angelinaroth.com\/en\/double-escape\/\">\n\t\t\t\t<div class=\"elementor-portfolio-item__img elementor-post__thumbnail\">\n\t\t\t<img loading=\"lazy\" decoding=\"async\" width=\"800\" height=\"519\" src=\"https:\/\/angelinaroth.com\/wp-content\/uploads\/2023\/05\/Idylle-1024x664.jpg\" class=\"attachment-large size-large wp-image-10974\" alt=\"\" srcset=\"https:\/\/angelinaroth.com\/wp-content\/uploads\/2023\/05\/Idylle-1024x664.jpg 1024w, https:\/\/angelinaroth.com\/wp-content\/uploads\/2023\/05\/Idylle-300x194.jpg 300w, https:\/\/angelinaroth.com\/wp-content\/uploads\/2023\/05\/Idylle-768x498.jpg 768w, https:\/\/angelinaroth.com\/wp-content\/uploads\/2023\/05\/Idylle-1536x996.jpg 1536w, https:\/\/angelinaroth.com\/wp-content\/uploads\/2023\/05\/Idylle-18x12.jpg 18w, https:\/\/angelinaroth.com\/wp-content\/uploads\/2023\/05\/Idylle.jpg 1666w\" sizes=\"(max-width: 800px) 100vw, 800px\" \/>\t\t<\/div>\n\t\t\t\t<div class=\"elementor-portfolio-item__overlay\">\n\t\t\t\t<h3 class=\"elementor-portfolio-item__title\">\n\t\tWork and idyll\t\t<\/h3>\n\t\t\t\t<\/div>\n\t\t\t\t<\/a>\n\t\t<\/article>\n\t\t\t\t<article class=\"elementor-portfolio-item elementor-post  post-6498 post type-post status-publish format-standard has-post-thumbnail hentry category-allgemein\" role=\"listitem\">\n\t\t\t<a class=\"elementor-post__thumbnail__link\" href=\"https:\/\/angelinaroth.com\/en\/double-escape\/\">\n\t\t\t\t<div class=\"elementor-portfolio-item__img elementor-post__thumbnail\">\n\t\t\t<img loading=\"lazy\" decoding=\"async\" width=\"800\" height=\"500\" src=\"https:\/\/angelinaroth.com\/wp-content\/uploads\/2022\/06\/double-escape-1-1024x640.jpg\" class=\"attachment-large size-large wp-image-6499\" alt=\"\" srcset=\"https:\/\/angelinaroth.com\/wp-content\/uploads\/2022\/06\/double-escape-1-1024x640.jpg 1024w, https:\/\/angelinaroth.com\/wp-content\/uploads\/2022\/06\/double-escape-1-300x188.jpg 300w, https:\/\/angelinaroth.com\/wp-content\/uploads\/2022\/06\/double-escape-1-768x480.jpg 768w, https:\/\/angelinaroth.com\/wp-content\/uploads\/2022\/06\/double-escape-1-18x12.jpg 18w, https:\/\/angelinaroth.com\/wp-content\/uploads\/2022\/06\/double-escape-1.jpg 1500w\" sizes=\"(max-width: 800px) 100vw, 800px\" \/>\t\t<\/div>\n\t\t\t\t<div class=\"elementor-portfolio-item__overlay\">\n\t\t\t\t<h3 class=\"elementor-portfolio-item__title\">\n\t\tDouble Escape\t\t<\/h3>\n\t\t\t\t<\/div>\n\t\t\t\t<\/a>\n\t\t<\/article>\n\t\t\t\t<article class=\"elementor-portfolio-item elementor-post  post-5842 post type-post status-publish format-standard has-post-thumbnail hentry category-allgemein\" role=\"listitem\">\n\t\t\t<a class=\"elementor-post__thumbnail__link\" href=\"https:\/\/angelinaroth.com\/en\/stop-judging-art\/\">\n\t\t\t\t<div class=\"elementor-portfolio-item__img elementor-post__thumbnail\">\n\t\t\t<img loading=\"lazy\" decoding=\"async\" width=\"800\" height=\"533\" src=\"https:\/\/angelinaroth.com\/wp-content\/uploads\/2022\/05\/Picasso_stern_blog-1024x682.jpg\" class=\"attachment-large size-large wp-image-5843\" alt=\"\" srcset=\"https:\/\/angelinaroth.com\/wp-content\/uploads\/2022\/05\/Picasso_stern_blog-1024x682.jpg 1024w, https:\/\/angelinaroth.com\/wp-content\/uploads\/2022\/05\/Picasso_stern_blog-300x200.jpg 300w, https:\/\/angelinaroth.com\/wp-content\/uploads\/2022\/05\/Picasso_stern_blog-768x512.jpg 768w, https:\/\/angelinaroth.com\/wp-content\/uploads\/2022\/05\/Picasso_stern_blog-1536x1023.jpg 1536w, https:\/\/angelinaroth.com\/wp-content\/uploads\/2022\/05\/Picasso_stern_blog-18x12.jpg 18w, https:\/\/angelinaroth.com\/wp-content\/uploads\/2022\/05\/Picasso_stern_blog.jpg 1920w\" sizes=\"(max-width: 800px) 100vw, 800px\" \/>\t\t<\/div>\n\t\t\t\t<div class=\"elementor-portfolio-item__overlay\">\n\t\t\t\t<h3 class=\"elementor-portfolio-item__title\">\n\t\tStop Judging Art\t\t<\/h3>\n\t\t\t\t<\/div>\n\t\t\t\t<\/a>\n\t\t<\/article>\n\t\t\t\t<article class=\"elementor-portfolio-item elementor-post  post-5375 post type-post status-publish format-standard has-post-thumbnail hentry category-allgemein\" role=\"listitem\">\n\t\t\t<a class=\"elementor-post__thumbnail__link\" href=\"https:\/\/angelinaroth.com\/en\/was-bitte-ist-krieg\/\">\n\t\t\t\t<div class=\"elementor-portfolio-item__img elementor-post__thumbnail\">\n\t\t\t<img loading=\"lazy\" decoding=\"async\" width=\"800\" height=\"529\" src=\"https:\/\/angelinaroth.com\/wp-content\/uploads\/2022\/04\/escape-from-ny-1024x677.jpg\" class=\"attachment-large size-large wp-image-5376\" alt=\"\" srcset=\"https:\/\/angelinaroth.com\/wp-content\/uploads\/2022\/04\/escape-from-ny-1024x677.jpg 1024w, https:\/\/angelinaroth.com\/wp-content\/uploads\/2022\/04\/escape-from-ny-300x198.jpg 300w, https:\/\/angelinaroth.com\/wp-content\/uploads\/2022\/04\/escape-from-ny-768x508.jpg 768w, https:\/\/angelinaroth.com\/wp-content\/uploads\/2022\/04\/escape-from-ny-1536x1016.jpg 1536w, https:\/\/angelinaroth.com\/wp-content\/uploads\/2022\/04\/escape-from-ny-18x12.jpg 18w, https:\/\/angelinaroth.com\/wp-content\/uploads\/2022\/04\/escape-from-ny.jpg 1633w\" sizes=\"(max-width: 800px) 100vw, 800px\" \/>\t\t<\/div>\n\t\t\t\t<div class=\"elementor-portfolio-item__overlay\">\n\t\t\t\t<h3 class=\"elementor-portfolio-item__title\">\n\t\tEscape from New York\t\t<\/h3>\n\t\t\t\t<\/div>\n\t\t\t\t<\/a>\n\t\t<\/article>\n\t\t\t\t<article class=\"elementor-portfolio-item elementor-post  post-4843 post type-post status-publish format-standard has-post-thumbnail hentry category-allgemein\" role=\"listitem\">\n\t\t\t<a class=\"elementor-post__thumbnail__link\" href=\"https:\/\/angelinaroth.com\/en\/was-bitte-ist-krieg\/\">\n\t\t\t\t<div class=\"elementor-portfolio-item__img elementor-post__thumbnail\">\n\t\t\t<img loading=\"lazy\" decoding=\"async\" width=\"800\" height=\"450\" src=\"https:\/\/angelinaroth.com\/wp-content\/uploads\/2022\/03\/Ukraine-flagge-e1713519944291-1024x576.jpg\" class=\"attachment-large size-large wp-image-4845\" alt=\"\" srcset=\"https:\/\/angelinaroth.com\/wp-content\/uploads\/2022\/03\/Ukraine-flagge-e1713519944291-1024x576.jpg 1024w, https:\/\/angelinaroth.com\/wp-content\/uploads\/2022\/03\/Ukraine-flagge-e1713519944291-300x169.jpg 300w, https:\/\/angelinaroth.com\/wp-content\/uploads\/2022\/03\/Ukraine-flagge-e1713519944291-768x432.jpg 768w, https:\/\/angelinaroth.com\/wp-content\/uploads\/2022\/03\/Ukraine-flagge-e1713519944291-18x10.jpg 18w, https:\/\/angelinaroth.com\/wp-content\/uploads\/2022\/03\/Ukraine-flagge-e1713519944291.jpg 1079w\" sizes=\"(max-width: 800px) 100vw, 800px\" \/>\t\t<\/div>\n\t\t\t\t<div class=\"elementor-portfolio-item__overlay\">\n\t\t\t\t<h3 class=\"elementor-portfolio-item__title\">\n\t\tWas bitte ist Krieg?\t\t<\/h3>\n\t\t\t\t<\/div>\n\t\t\t\t<\/a>\n\t\t<\/article>\n\t\t\t\t<article class=\"elementor-portfolio-item elementor-post  post-3854 post type-post status-publish format-standard has-post-thumbnail hentry category-allgemein\" role=\"listitem\">\n\t\t\t<a class=\"elementor-post__thumbnail__link\" href=\"https:\/\/angelinaroth.com\/en\/form-your-insanity\/\">\n\t\t\t\t<div class=\"elementor-portfolio-item__img elementor-post__thumbnail\">\n\t\t\t<img loading=\"lazy\" decoding=\"async\" width=\"800\" height=\"402\" src=\"https:\/\/angelinaroth.com\/wp-content\/uploads\/2022\/01\/form-your-insanity-1024x514.jpg\" class=\"attachment-large size-large wp-image-3856\" alt=\"\" srcset=\"https:\/\/angelinaroth.com\/wp-content\/uploads\/2022\/01\/form-your-insanity-1024x514.jpg 1024w, https:\/\/angelinaroth.com\/wp-content\/uploads\/2022\/01\/form-your-insanity-300x151.jpg 300w, https:\/\/angelinaroth.com\/wp-content\/uploads\/2022\/01\/form-your-insanity-768x385.jpg 768w, https:\/\/angelinaroth.com\/wp-content\/uploads\/2022\/01\/form-your-insanity-18x9.jpg 18w, https:\/\/angelinaroth.com\/wp-content\/uploads\/2022\/01\/form-your-insanity.jpg 1080w\" sizes=\"(max-width: 800px) 100vw, 800px\" \/>\t\t<\/div>\n\t\t\t\t<div class=\"elementor-portfolio-item__overlay\">\n\t\t\t\t<h3 class=\"elementor-portfolio-item__title\">\n\t\tForm your insanity\t\t<\/h3>\n\t\t\t\t<\/div>\n\t\t\t\t<\/a>\n\t\t<\/article>\n\t\t\t\t<article class=\"elementor-portfolio-item elementor-post  post-3414 post type-post status-publish format-standard has-post-thumbnail hentry category-allgemein\" role=\"listitem\">\n\t\t\t<a class=\"elementor-post__thumbnail__link\" href=\"https:\/\/angelinaroth.com\/en\/art-and-body-iii-shoulders\/\">\n\t\t\t\t<div class=\"elementor-portfolio-item__img elementor-post__thumbnail\">\n\t\t\t<img loading=\"lazy\" decoding=\"async\" width=\"800\" height=\"500\" src=\"https:\/\/angelinaroth.com\/wp-content\/uploads\/2021\/12\/laokoon-kunst-und-koerper-1-1024x640.jpg\" class=\"attachment-large size-large wp-image-6129\" alt=\"\" srcset=\"https:\/\/angelinaroth.com\/wp-content\/uploads\/2021\/12\/laokoon-kunst-und-koerper-1-1024x640.jpg 1024w, https:\/\/angelinaroth.com\/wp-content\/uploads\/2021\/12\/laokoon-kunst-und-koerper-1-300x188.jpg 300w, https:\/\/angelinaroth.com\/wp-content\/uploads\/2021\/12\/laokoon-kunst-und-koerper-1-768x480.jpg 768w, https:\/\/angelinaroth.com\/wp-content\/uploads\/2021\/12\/laokoon-kunst-und-koerper-1-18x12.jpg 18w, https:\/\/angelinaroth.com\/wp-content\/uploads\/2021\/12\/laokoon-kunst-und-koerper-1.jpg 1280w\" sizes=\"(max-width: 800px) 100vw, 800px\" \/>\t\t<\/div>\n\t\t\t\t<div class=\"elementor-portfolio-item__overlay\">\n\t\t\t\t<h3 class=\"elementor-portfolio-item__title\">\n\t\tArt and body III: Shoulders\t\t<\/h3>\n\t\t\t\t<\/div>\n\t\t\t\t<\/a>\n\t\t<\/article>\n\t\t\t\t<article class=\"elementor-portfolio-item elementor-post  post-2669 post type-post status-publish format-standard has-post-thumbnail hentry category-allgemein\" role=\"listitem\">\n\t\t\t<a class=\"elementor-post__thumbnail__link\" href=\"https:\/\/angelinaroth.com\/en\/art-and-body-ii-eyes\/\">\n\t\t\t\t<div class=\"elementor-portfolio-item__img elementor-post__thumbnail\">\n\t\t\t<img loading=\"lazy\" decoding=\"async\" width=\"800\" height=\"513\" src=\"https:\/\/angelinaroth.com\/wp-content\/uploads\/2021\/10\/20210912_112203-2-1024x657.jpg\" class=\"attachment-large size-large wp-image-2670\" alt=\"\" srcset=\"https:\/\/angelinaroth.com\/wp-content\/uploads\/2021\/10\/20210912_112203-2-1024x657.jpg 1024w, https:\/\/angelinaroth.com\/wp-content\/uploads\/2021\/10\/20210912_112203-2-300x192.jpg 300w, https:\/\/angelinaroth.com\/wp-content\/uploads\/2021\/10\/20210912_112203-2-768x493.jpg 768w, https:\/\/angelinaroth.com\/wp-content\/uploads\/2021\/10\/20210912_112203-2-1536x985.jpg 1536w, https:\/\/angelinaroth.com\/wp-content\/uploads\/2021\/10\/20210912_112203-2.jpg 1646w\" sizes=\"(max-width: 800px) 100vw, 800px\" \/>\t\t<\/div>\n\t\t\t\t<div class=\"elementor-portfolio-item__overlay\">\n\t\t\t\t<h3 class=\"elementor-portfolio-item__title\">\n\t\tKunst und K\u00f6rper II: Augen\t\t<\/h3>\n\t\t\t\t<\/div>\n\t\t\t\t<\/a>\n\t\t<\/article>\n\t\t\t\t<article class=\"elementor-portfolio-item elementor-post  post-2657 post type-post status-publish format-standard has-post-thumbnail hentry category-allgemein\" role=\"listitem\">\n\t\t\t<a class=\"elementor-post__thumbnail__link\" href=\"https:\/\/angelinaroth.com\/en\/art-and-body-i-wrists\/\">\n\t\t\t\t<div class=\"elementor-portfolio-item__img elementor-post__thumbnail\">\n\t\t\t<img loading=\"lazy\" decoding=\"async\" width=\"800\" height=\"588\" src=\"https:\/\/angelinaroth.com\/wp-content\/uploads\/2021\/10\/20200819_152340_neu-1024x752.jpg\" class=\"attachment-large size-large wp-image-2658\" alt=\"\" srcset=\"https:\/\/angelinaroth.com\/wp-content\/uploads\/2021\/10\/20200819_152340_neu-1024x752.jpg 1024w, https:\/\/angelinaroth.com\/wp-content\/uploads\/2021\/10\/20200819_152340_neu-300x220.jpg 300w, https:\/\/angelinaroth.com\/wp-content\/uploads\/2021\/10\/20200819_152340_neu-768x564.jpg 768w, https:\/\/angelinaroth.com\/wp-content\/uploads\/2021\/10\/20200819_152340_neu-1536x1129.jpg 1536w, https:\/\/angelinaroth.com\/wp-content\/uploads\/2021\/10\/20200819_152340_neu-2048x1505.jpg 2048w\" sizes=\"(max-width: 800px) 100vw, 800px\" \/>\t\t<\/div>\n\t\t\t\t<div class=\"elementor-portfolio-item__overlay\">\n\t\t\t\t<h3 class=\"elementor-portfolio-item__title\">\n\t\tKunst und K\u00f6rper I: Handgelenke\t\t<\/h3>\n\t\t\t\t<\/div>\n\t\t\t\t<\/a>\n\t\t<\/article>\n\t\t\t\t<article class=\"elementor-portfolio-item elementor-post  post-1459 post type-post status-publish format-standard has-post-thumbnail hentry category-allgemein\" role=\"listitem\">\n\t\t\t<a class=\"elementor-post__thumbnail__link\" href=\"https:\/\/angelinaroth.com\/en\/noble-will-go-round-the-world\/\">\n\t\t\t\t<div class=\"elementor-portfolio-item__img elementor-post__thumbnail\">\n\t\t\t<img loading=\"lazy\" decoding=\"async\" width=\"800\" height=\"527\" src=\"https:\/\/angelinaroth.com\/wp-content\/uploads\/2021\/10\/Proust_Band1-1024x674.jpg\" class=\"attachment-large size-large wp-image-1409\" alt=\"\" srcset=\"https:\/\/angelinaroth.com\/wp-content\/uploads\/2021\/10\/Proust_Band1-1024x674.jpg 1024w, https:\/\/angelinaroth.com\/wp-content\/uploads\/2021\/10\/Proust_Band1-300x198.jpg 300w, https:\/\/angelinaroth.com\/wp-content\/uploads\/2021\/10\/Proust_Band1-768x506.jpg 768w, https:\/\/angelinaroth.com\/wp-content\/uploads\/2021\/10\/Proust_Band1-1536x1011.jpg 1536w, https:\/\/angelinaroth.com\/wp-content\/uploads\/2021\/10\/Proust_Band1.jpg 1920w\" sizes=\"(max-width: 800px) 100vw, 800px\" \/>\t\t<\/div>\n\t\t\t\t<div class=\"elementor-portfolio-item__overlay\">\n\t\t\t\t<h3 class=\"elementor-portfolio-item__title\">\n\t\tEdel wird die Welt zugrunde gehen\t\t<\/h3>\n\t\t\t\t<\/div>\n\t\t\t\t<\/a>\n\t\t<\/article>\n\t\t\t\t<\/div>\n\t\t\t\t\t\t<\/div>\n\t\t\t\t<\/div>\n\t\t\t\t\t<\/div>\n\t\t<\/div>\n\t\t\t\t\t<\/div>\n\t\t<\/section>\n\t\t\t\t<\/div>","protected":false},"excerpt":{"rendered":"<p>Hypomnemata Die Hypomnemata war bei den alten Griechen ein Buch, in das man pers\u00f6nliche Gedanken, Beobachtungen, Ideen und n\u00fctzliches Wissen eintrug. Das hier ist also eine Sammlung von Objets trouv\u00e9s und anderen Sch\u00f6nheiten &#8211; in einem zeitlosen Kontinuum. *Die Serie Kunst und K\u00f6rper ist vorerst beendet. Aber ich bin zuversichtlich, dass es bald wieder Inspiration [&hellip;]<\/p>\n","protected":false},"author":3,"featured_media":157,"parent":0,"menu_order":0,"comment_status":"closed","ping_status":"closed","template":"elementor_header_footer","meta":{"_mo_disable_npp":"","footnotes":""},"class_list":["post-31","page","type-page","status-publish","has-post-thumbnail","hentry"],"_links":{"self":[{"href":"https:\/\/angelinaroth.com\/en\/wp-json\/wp\/v2\/pages\/31","targetHints":{"allow":["GET"]}}],"collection":[{"href":"https:\/\/angelinaroth.com\/en\/wp-json\/wp\/v2\/pages"}],"about":[{"href":"https:\/\/angelinaroth.com\/en\/wp-json\/wp\/v2\/types\/page"}],"author":[{"embeddable":true,"href":"https:\/\/angelinaroth.com\/en\/wp-json\/wp\/v2\/users\/3"}],"replies":[{"embeddable":true,"href":"https:\/\/angelinaroth.com\/en\/wp-json\/wp\/v2\/comments?post=31"}],"version-history":[{"count":2,"href":"https:\/\/angelinaroth.com\/en\/wp-json\/wp\/v2\/pages\/31\/revisions"}],"predecessor-version":[{"id":11072,"href":"https:\/\/angelinaroth.com\/en\/wp-json\/wp\/v2\/pages\/31\/revisions\/11072"}],"wp:featuredmedia":[{"embeddable":true,"href":"https:\/\/angelinaroth.com\/en\/wp-json\/wp\/v2\/media\/157"}],"wp:attachment":[{"href":"https:\/\/angelinaroth.com\/en\/wp-json\/wp\/v2\/media?parent=31"}],"curies":[{"name":"wp","href":"https:\/\/api.w.org\/{rel}","templated":true}]}}