{"id":45,"date":"2021-08-19T10:58:50","date_gmt":"2021-08-19T08:58:50","guid":{"rendered":"https:\/\/angelinaroth.com\/our-mission\/"},"modified":"2026-02-19T10:47:40","modified_gmt":"2026-02-19T09:47:40","slug":"ueber-mich","status":"publish","type":"page","link":"https:\/\/angelinaroth.com\/en\/about-me\/","title":{"rendered":"Angelina"},"content":{"rendered":"<div data-elementor-type=\"wp-page\" data-elementor-id=\"45\" class=\"elementor elementor-45\" data-elementor-post-type=\"page\">\n\t\t\t\t\t\t<section class=\"elementor-section elementor-top-section elementor-element elementor-element-36f3a388 elementor-section-content-space-between elementor-reverse-tablet elementor-reverse-mobile elementor-section-boxed elementor-section-height-default elementor-section-height-default\" data-id=\"36f3a388\" data-element_type=\"section\" data-e-type=\"section\">\n\t\t\t\t\t\t<div class=\"elementor-container elementor-column-gap-default\">\n\t\t\t\t\t<div class=\"elementor-column elementor-col-50 elementor-top-column elementor-element elementor-element-288ad80d\" data-id=\"288ad80d\" data-element_type=\"column\" data-e-type=\"column\">\n\t\t\t<div class=\"elementor-widget-wrap elementor-element-populated\">\n\t\t\t\t\t\t<div class=\"elementor-element elementor-element-1e02d3a7 elementor-widget elementor-widget-heading\" data-id=\"1e02d3a7\" data-element_type=\"widget\" data-e-type=\"widget\" data-widget_type=\"heading.default\">\n\t\t\t\t<div class=\"elementor-widget-container\">\n\t\t\t\t\t<h1 class=\"elementor-heading-title elementor-size-default\">About me<\/h1>\t\t\t\t<\/div>\n\t\t\t\t<\/div>\n\t\t\t\t<section class=\"elementor-section elementor-inner-section elementor-element elementor-element-22960f83 elementor-section-boxed elementor-section-height-default elementor-section-height-default\" data-id=\"22960f83\" data-element_type=\"section\" data-e-type=\"section\">\n\t\t\t\t\t\t<div class=\"elementor-container elementor-column-gap-no\">\n\t\t\t\t\t<div class=\"elementor-column elementor-col-100 elementor-inner-column elementor-element elementor-element-51ade946\" data-id=\"51ade946\" data-element_type=\"column\" data-e-type=\"column\">\n\t\t\t<div class=\"elementor-widget-wrap elementor-element-populated\">\n\t\t\t\t\t\t<div class=\"elementor-element elementor-element-1b428c45 elementor-widget elementor-widget-heading\" data-id=\"1b428c45\" data-element_type=\"widget\" data-e-type=\"widget\" data-widget_type=\"heading.default\">\n\t\t\t\t<div class=\"elementor-widget-container\">\n\t\t\t\t\t<h3 class=\"elementor-heading-title elementor-size-default\">Writing is one of my favorite ways of being.<\/h3>\t\t\t\t<\/div>\n\t\t\t\t<\/div>\n\t\t\t\t<div class=\"elementor-element elementor-element-7b72739d elementor-widget elementor-widget-text-editor\" data-id=\"7b72739d\" data-element_type=\"widget\" data-e-type=\"widget\" data-widget_type=\"text-editor.default\">\n\t\t\t\t<div class=\"elementor-widget-container\">\n\t\t\t\t\t\t\t\t\t<p>But I never thought of it as a profession. For a long time I thought that writing simply belonged to life, like eating, sleeping or breathing; but then other people told me that they never write. Since then, that idea has gone; and I have realized that I could make writing my profession.<\/p>\t\t\t\t\t\t\t\t<\/div>\n\t\t\t\t<\/div>\n\t\t\t\t\t<\/div>\n\t\t<\/div>\n\t\t\t\t\t<\/div>\n\t\t<\/section>\n\t\t\t\t\t<\/div>\n\t\t<\/div>\n\t\t\t\t<div class=\"elementor-column elementor-col-50 elementor-top-column elementor-element elementor-element-3a2753b8\" data-id=\"3a2753b8\" data-element_type=\"column\" data-e-type=\"column\">\n\t\t\t<div class=\"elementor-widget-wrap elementor-element-populated\">\n\t\t\t\t\t\t<div class=\"elementor-element elementor-element-68085355 elementor-widget__width-initial elementor-widget-tablet__width-initial elementor-widget-mobile__width-initial elementor-widget elementor-widget-image\" data-id=\"68085355\" data-element_type=\"widget\" data-e-type=\"widget\" data-settings=\"{&quot;_animation_mobile&quot;:&quot;none&quot;}\" data-widget_type=\"image.default\">\n\t\t\t\t<div class=\"elementor-widget-container\">\n\t\t\t\t\t\t\t\t\t\t\t\t\t\t\t<img fetchpriority=\"high\" decoding=\"async\" width=\"708\" height=\"709\" src=\"https:\/\/angelinaroth.com\/wp-content\/uploads\/2021\/08\/titelbild_igtv_antoine_exlex.jpg\" class=\"attachment-full size-full wp-image-284\" alt=\"\" srcset=\"https:\/\/angelinaroth.com\/wp-content\/uploads\/2021\/08\/titelbild_igtv_antoine_exlex.jpg 708w, https:\/\/angelinaroth.com\/wp-content\/uploads\/2021\/08\/titelbild_igtv_antoine_exlex-300x300.jpg 300w, https:\/\/angelinaroth.com\/wp-content\/uploads\/2021\/08\/titelbild_igtv_antoine_exlex-150x150.jpg 150w\" sizes=\"(max-width: 708px) 100vw, 708px\" \/>\t\t\t\t\t\t\t\t\t\t\t\t\t\t\t<\/div>\n\t\t\t\t<\/div>\n\t\t\t\t<div class=\"elementor-element elementor-element-fd3fd89 elementor-widget__width-initial elementor-widget-tablet__width-initial elementor-widget-mobile__width-initial elementor-widget elementor-widget-image\" data-id=\"fd3fd89\" data-element_type=\"widget\" data-e-type=\"widget\" data-settings=\"{&quot;_animation&quot;:&quot;none&quot;,&quot;_animation_mobile&quot;:&quot;none&quot;}\" data-widget_type=\"image.default\">\n\t\t\t\t<div class=\"elementor-widget-container\">\n\t\t\t\t\t\t\t\t\t\t\t\t\t\t\t<img decoding=\"async\" width=\"843\" height=\"1080\" src=\"https:\/\/angelinaroth.com\/wp-content\/uploads\/2021\/10\/ladysmithiensis-website.jpg\" class=\"attachment-full size-full wp-image-2034\" alt=\"\" srcset=\"https:\/\/angelinaroth.com\/wp-content\/uploads\/2021\/10\/ladysmithiensis-website.jpg 843w, https:\/\/angelinaroth.com\/wp-content\/uploads\/2021\/10\/ladysmithiensis-website-234x300.jpg 234w, https:\/\/angelinaroth.com\/wp-content\/uploads\/2021\/10\/ladysmithiensis-website-799x1024.jpg 799w, https:\/\/angelinaroth.com\/wp-content\/uploads\/2021\/10\/ladysmithiensis-website-768x984.jpg 768w\" sizes=\"(max-width: 843px) 100vw, 843px\" \/>\t\t\t\t\t\t\t\t\t\t\t\t\t\t\t<\/div>\n\t\t\t\t<\/div>\n\t\t\t\t\t<\/div>\n\t\t<\/div>\n\t\t\t\t\t<\/div>\n\t\t<\/section>\n\t\t\t\t<section class=\"elementor-section elementor-top-section elementor-element elementor-element-59e31a90 elementor-section-content-middle elementor-section-boxed elementor-section-height-default elementor-section-height-default\" data-id=\"59e31a90\" data-element_type=\"section\" data-e-type=\"section\">\n\t\t\t\t\t\t<div class=\"elementor-container elementor-column-gap-no\">\n\t\t\t\t\t<div class=\"elementor-column elementor-col-100 elementor-top-column elementor-element elementor-element-72509622\" data-id=\"72509622\" data-element_type=\"column\" data-e-type=\"column\" data-settings=\"{&quot;background_background&quot;:&quot;classic&quot;}\">\n\t\t\t<div class=\"elementor-widget-wrap elementor-element-populated\">\n\t\t\t\t\t\t<div class=\"elementor-element elementor-element-fe93268 elementor-widget elementor-widget-text-editor\" data-id=\"fe93268\" data-element_type=\"widget\" data-e-type=\"widget\" data-widget_type=\"text-editor.default\">\n\t\t\t\t<div class=\"elementor-widget-container\">\n\t\t\t\t\t\t\t\t\t<p>Speaking of sleep. So far, I haven't written anything that you couldn't safely read before going to sleep. Gentle souls don't have to worry about that either, because I'm one of them. My favorite thing to read before bed is Marcel Proust. His work comprises several thousand pages and spares you violence and cruelty. I've now reached volume 7: Time Rediscovered. So, unfortunately, the end is near.<\/p><p>I was born in 1989 and live in Basel. What drives me when I write are the thoughts and images in my head, the imagination and the joy of creating worlds. The stories buzz around between us humans, waiting to be written down. However, it is rarely easy to put complex inspirations into clearly defined words. When things go well, some of it gets stuck between the lines, along with the space for imagination.<\/p>\t\t\t\t\t\t\t\t<\/div>\n\t\t\t\t<\/div>\n\t\t\t\t<div class=\"elementor-element elementor-element-afac44b elementor-widget elementor-widget-heading\" data-id=\"afac44b\" data-element_type=\"widget\" data-e-type=\"widget\" data-widget_type=\"heading.default\">\n\t\t\t\t<div class=\"elementor-widget-container\">\n\t\t\t\t\t<h2 class=\"elementor-heading-title elementor-size-default\">Author Network Basel<\/h2>\t\t\t\t<\/div>\n\t\t\t\t<\/div>\n\t\t\t\t<div class=\"elementor-element elementor-element-b4a7269 elementor-widget elementor-widget-text-editor\" data-id=\"b4a7269\" data-element_type=\"widget\" data-e-type=\"widget\" data-widget_type=\"text-editor.default\">\n\t\t\t\t<div class=\"elementor-widget-container\">\n\t\t\t\t\t\t\t\t\t<p>Die Literaturwelt ist sehr international &#8211; aber ist es nicht besonders spannend was Autor*innen aus der Nachbarschaft schreiben? Vielleicht sogar \u00fcber die Stadt, in der man lebt? Zusammen mit Kolleg*innen habe ich das Netzwerk lokal lesen gegr\u00fcndet f\u00fcr Schreibende aus der Region Basel. Wir machen lokale Literatur sichtbar. Unser Ziel ist es, ein Bewusstsein daf\u00fcr zu schaffen, wie bunt und gut die lokale Literaturszene ist: <a href=\"https:\/\/lokallesen.ch\" target=\"_blank\" rel=\"noopener\">www.lokallesen.ch<\/a><\/p>\t\t\t\t\t\t\t\t<\/div>\n\t\t\t\t<\/div>\n\t\t\t\t\t<\/div>\n\t\t<\/div>\n\t\t\t\t\t<\/div>\n\t\t<\/section>\n\t\t\t\t<section class=\"elementor-section elementor-top-section elementor-element elementor-element-42c121b elementor-section-height-min-height elementor-section-items-stretch elementor-section-content-bottom elementor-reverse-tablet elementor-reverse-mobile elementor-hidden-desktop elementor-hidden-tablet elementor-hidden-mobile elementor-section-boxed elementor-section-height-default\" data-id=\"42c121b\" data-element_type=\"section\" data-e-type=\"section\">\n\t\t\t\t\t\t<div class=\"elementor-container elementor-column-gap-no\">\n\t\t\t\t\t<div class=\"elementor-column elementor-col-100 elementor-top-column elementor-element elementor-element-b64d86e\" data-id=\"b64d86e\" data-element_type=\"column\" data-e-type=\"column\">\n\t\t\t<div class=\"elementor-widget-wrap elementor-element-populated\">\n\t\t\t\t\t\t<div class=\"elementor-element elementor-element-955410a elementor-widget elementor-widget-heading\" data-id=\"955410a\" data-element_type=\"widget\" data-e-type=\"widget\" data-widget_type=\"heading.default\">\n\t\t\t\t<div class=\"elementor-widget-container\">\n\t\t\t\t\t<h2 class=\"elementor-heading-title elementor-size-default\">Interviews<\/h2>\t\t\t\t<\/div>\n\t\t\t\t<\/div>\n\t\t\t\t<div class=\"elementor-element elementor-element-4facf05 elementor-widget elementor-widget-text-editor\" data-id=\"4facf05\" data-element_type=\"widget\" data-e-type=\"widget\" data-widget_type=\"text-editor.default\">\n\t\t\t\t<div class=\"elementor-widget-container\">\n\t\t\t\t\t\t\t\t\t<p><strong>Interview with Andreas Urban for urbslit.de<\/strong><\/p><p><a href=\"https:\/\/www.urbslit.de\/ich-schreibe-immer-so-wie-es-sich-in-meinem-kopf-anhoert-ein-interview-mit-angelina-roth-ueber-ihren-roman-die-closerie\/\" target=\"_blank\" rel=\"noopener\">https:\/\/www.urbslit.de\/ich-schreibe-immer-so-wie-es-sich-in-meinem-kopf-anhoert<\/a><\/p>\t\t\t\t\t\t\t\t<\/div>\n\t\t\t\t<\/div>\n\t\t\t\t<div class=\"elementor-element elementor-element-d7595f1 elementor-hidden-desktop elementor-hidden-tablet elementor-hidden-mobile elementor-widget elementor-widget-text-editor\" data-id=\"d7595f1\" data-element_type=\"widget\" data-e-type=\"widget\" data-widget_type=\"text-editor.default\">\n\t\t\t\t<div class=\"elementor-widget-container\">\n\t\t\t\t\t\t\t\t\t<p><strong>Podcast about books - from minute 27:31<\/strong><\/p><p><a href=\"https:\/\/open.spotify.com\/episode\/4edRTDIintdfo5WqcJIZWb\" target=\"_blank\" rel=\"noopener\">https:\/\/open.spotify.com\/episode\/4edRTDIintdfo5WqcJIZWb<\/a><\/p>\t\t\t\t\t\t\t\t<\/div>\n\t\t\t\t<\/div>\n\t\t\t\t<div class=\"elementor-element elementor-element-1a4f355 elementor-widget elementor-widget-text-editor\" data-id=\"1a4f355\" data-element_type=\"widget\" data-e-type=\"widget\" data-widget_type=\"text-editor.default\">\n\t\t\t\t<div class=\"elementor-widget-container\">\n\t\t\t\t\t\t\t\t\t<p><strong>5 Fragen vom Literaturensohn<\/strong><\/p><p><a href=\"https:\/\/angelinaroth.com\/5-fragen-vom-literaturensohn\/\" target=\"_blank\" rel=\"noopener\">https:\/\/angelinaroth.com\/5-fragen-vom-literaturensohn\/<\/a><\/p>\t\t\t\t\t\t\t\t<\/div>\n\t\t\t\t<\/div>\n\t\t\t\t<div class=\"elementor-element elementor-element-6981bf5 elementor-widget elementor-widget-text-editor\" data-id=\"6981bf5\" data-element_type=\"widget\" data-e-type=\"widget\" data-widget_type=\"text-editor.default\">\n\t\t\t\t<div class=\"elementor-widget-container\">\n\t\t\t\t\t\t\t\t\t<p><strong>Interview with Literature Switzerland<\/strong><\/p><p><a href=\"https:\/\/literaturschweiz.ch\/de\/Journal\/lokal+lesen+autorinnenplattform+basel\" target=\"_blank\" rel=\"noopener\">https:\/\/literaturschweiz.ch\/de\/lokal+lesen+basel<\/a><\/p>\t\t\t\t\t\t\t\t<\/div>\n\t\t\t\t<\/div>\n\t\t\t\t\t<\/div>\n\t\t<\/div>\n\t\t\t\t\t<\/div>\n\t\t<\/section>\n\t\t\t\t<section class=\"elementor-section elementor-top-section elementor-element elementor-element-32647156 elementor-section-height-min-height elementor-section-items-stretch elementor-section-content-bottom elementor-reverse-tablet elementor-reverse-mobile elementor-section-boxed elementor-section-height-default\" data-id=\"32647156\" data-element_type=\"section\" data-e-type=\"section\">\n\t\t\t\t\t\t<div class=\"elementor-container elementor-column-gap-no\">\n\t\t\t\t\t<div class=\"elementor-column elementor-col-100 elementor-top-column elementor-element elementor-element-77c06dd0\" data-id=\"77c06dd0\" data-element_type=\"column\" data-e-type=\"column\">\n\t\t\t<div class=\"elementor-widget-wrap elementor-element-populated\">\n\t\t\t\t\t\t<div class=\"elementor-element elementor-element-4b1473b elementor-widget elementor-widget-heading\" data-id=\"4b1473b\" data-element_type=\"widget\" data-e-type=\"widget\" data-widget_type=\"heading.default\">\n\t\t\t\t<div class=\"elementor-widget-container\">\n\t\t\t\t\t<h2 class=\"elementor-heading-title elementor-size-default\">Contact<\/h2>\t\t\t\t<\/div>\n\t\t\t\t<\/div>\n\t\t\t\t<div class=\"elementor-element elementor-element-9b7fa87 elementor-widget elementor-widget-text-editor\" data-id=\"9b7fa87\" data-element_type=\"widget\" data-e-type=\"widget\" data-widget_type=\"text-editor.default\">\n\t\t\t\t<div class=\"elementor-widget-container\">\n\t\t\t\t\t\t\t\t\t<p>Questions, ideas or requests are always welcome. I look forward to receiving mail.<\/p>\t\t\t\t\t\t\t\t<\/div>\n\t\t\t\t<\/div>\n\t\t\t\t<div class=\"elementor-element elementor-element-c4e1694 elementor-position-inline-start elementor-view-default elementor-mobile-position-block-start elementor-widget elementor-widget-icon-box\" data-id=\"c4e1694\" data-element_type=\"widget\" data-e-type=\"widget\" data-widget_type=\"icon-box.default\">\n\t\t\t\t<div class=\"elementor-widget-container\">\n\t\t\t\t\t\t\t<div class=\"elementor-icon-box-wrapper\">\n\n\t\t\t\t\t\t<div class=\"elementor-icon-box-icon\">\n\t\t\t\t<a href=\"mailto:hello@angelinaroth.ch\" class=\"elementor-icon\" tabindex=\"-1\" aria-label=\"Mail\">\n\t\t\t\t<i aria-hidden=\"true\" class=\"far fa-envelope\"><\/i>\t\t\t\t<\/a>\n\t\t\t<\/div>\n\t\t\t\n\t\t\t\t\t\t<div class=\"elementor-icon-box-content\">\n\n\t\t\t\t\t\t\t\t\t<h3 class=\"elementor-icon-box-title\">\n\t\t\t\t\t\t<a href=\"mailto:hello@angelinaroth.ch\" >\n\t\t\t\t\t\t\tMail\t\t\t\t\t\t<\/a>\n\t\t\t\t\t<\/h3>\n\t\t\t\t\n\t\t\t\t\n\t\t\t<\/div>\n\t\t\t\n\t\t<\/div>\n\t\t\t\t\t\t<\/div>\n\t\t\t\t<\/div>\n\t\t\t\t\t<\/div>\n\t\t<\/div>\n\t\t\t\t\t<\/div>\n\t\t<\/section>\n\t\t\t\t<section class=\"elementor-section elementor-top-section elementor-element elementor-element-ab50623 elementor-section-height-min-height elementor-section-items-stretch elementor-section-content-bottom elementor-reverse-tablet elementor-reverse-mobile elementor-section-boxed elementor-section-height-default\" data-id=\"ab50623\" data-element_type=\"section\" data-e-type=\"section\">\n\t\t\t\t\t\t<div class=\"elementor-container elementor-column-gap-no\">\n\t\t\t\t\t<div class=\"elementor-column elementor-col-100 elementor-top-column elementor-element elementor-element-6902131\" data-id=\"6902131\" data-element_type=\"column\" data-e-type=\"column\">\n\t\t\t<div class=\"elementor-widget-wrap elementor-element-populated\">\n\t\t\t\t\t\t<div class=\"elementor-element elementor-element-9b2f45b elementor-widget elementor-widget-heading\" data-id=\"9b2f45b\" data-element_type=\"widget\" data-e-type=\"widget\" data-widget_type=\"heading.default\">\n\t\t\t\t<div class=\"elementor-widget-container\">\n\t\t\t\t\t<h2 class=\"elementor-heading-title elementor-size-default\">Instagram<\/h2>\t\t\t\t<\/div>\n\t\t\t\t<\/div>\n\t\t\t\t<div class=\"elementor-element elementor-element-9d382fd elementor-widget elementor-widget-text-editor\" data-id=\"9d382fd\" data-element_type=\"widget\" data-e-type=\"widget\" data-widget_type=\"text-editor.default\">\n\t\t\t\t<div class=\"elementor-widget-container\">\n\t\t\t\t\t\t\t\t\t<p><a href=\"https:\/\/instagram.com\/angelina.roth_\" target=\"_blank\" rel=\"noopener\">@angelina.roth_<\/a><\/p>\t\t\t\t\t\t\t\t<\/div>\n\t\t\t\t<\/div>\n\t\t\t\t\t<\/div>\n\t\t<\/div>\n\t\t\t\t\t<\/div>\n\t\t<\/section>\n\t\t\t\t<\/div>","protected":false},"excerpt":{"rendered":"<p>\u00dcber mich Schreiben ist eine meiner Lieblingsformen des Seins. Es war f\u00fcr mich aber nie ein Beruf. Lange dachte ich, dass Schreiben einfach dazugeh\u00f6rt, so wie Essen, Schlafen oder Atmen. Aber dann haben mir andere Menschen erz\u00e4hlt, dass sie nie schreiben. Seitdem ist diese Vorstellung dahin. Apropos schlafen. Bis jetzt habe ich nichts geschrieben, das [&hellip;]<\/p>\n","protected":false},"author":3,"featured_media":284,"parent":0,"menu_order":0,"comment_status":"closed","ping_status":"closed","template":"elementor_header_footer","meta":{"_mo_disable_npp":"","footnotes":""},"class_list":["post-45","page","type-page","status-publish","has-post-thumbnail","hentry"],"_links":{"self":[{"href":"https:\/\/angelinaroth.com\/en\/wp-json\/wp\/v2\/pages\/45","targetHints":{"allow":["GET"]}}],"collection":[{"href":"https:\/\/angelinaroth.com\/en\/wp-json\/wp\/v2\/pages"}],"about":[{"href":"https:\/\/angelinaroth.com\/en\/wp-json\/wp\/v2\/types\/page"}],"author":[{"embeddable":true,"href":"https:\/\/angelinaroth.com\/en\/wp-json\/wp\/v2\/users\/3"}],"replies":[{"embeddable":true,"href":"https:\/\/angelinaroth.com\/en\/wp-json\/wp\/v2\/comments?post=45"}],"version-history":[{"count":2,"href":"https:\/\/angelinaroth.com\/en\/wp-json\/wp\/v2\/pages\/45\/revisions"}],"predecessor-version":[{"id":11330,"href":"https:\/\/angelinaroth.com\/en\/wp-json\/wp\/v2\/pages\/45\/revisions\/11330"}],"wp:featuredmedia":[{"embeddable":true,"href":"https:\/\/angelinaroth.com\/en\/wp-json\/wp\/v2\/media\/284"}],"wp:attachment":[{"href":"https:\/\/angelinaroth.com\/en\/wp-json\/wp\/v2\/media?parent=45"}],"curies":[{"name":"wp","href":"https:\/\/api.w.org\/{rel}","templated":true}]}}