{"id":753,"date":"2021-09-20T15:51:52","date_gmt":"2021-09-20T13:51:52","guid":{"rendered":"https:\/\/angelinaroth.com\/?page_id=753"},"modified":"2026-02-19T10:39:18","modified_gmt":"2026-02-19T09:39:18","slug":"werk","status":"publish","type":"page","link":"https:\/\/angelinaroth.com\/en\/books\/","title":{"rendered":"Books"},"content":{"rendered":"<div data-elementor-type=\"wp-page\" data-elementor-id=\"753\" class=\"elementor elementor-753\" data-elementor-post-type=\"page\">\n\t\t\t\t\t\t<section class=\"elementor-section elementor-top-section elementor-element elementor-element-340de553 elementor-section-boxed elementor-section-height-default elementor-section-height-default\" data-id=\"340de553\" data-element_type=\"section\" data-e-type=\"section\">\n\t\t\t\t\t\t<div class=\"elementor-container elementor-column-gap-no\">\n\t\t\t\t\t<div class=\"elementor-column elementor-col-100 elementor-top-column elementor-element elementor-element-58bf1bbe elementor-hidden-desktop elementor-hidden-tablet elementor-hidden-mobile\" data-id=\"58bf1bbe\" data-element_type=\"column\" data-e-type=\"column\">\n\t\t\t<div class=\"elementor-widget-wrap elementor-element-populated\">\n\t\t\t\t\t\t<div class=\"elementor-element elementor-element-31ccec41 elementor-widget elementor-widget-heading\" data-id=\"31ccec41\" data-element_type=\"widget\" data-e-type=\"widget\" data-widget_type=\"heading.default\">\n\t\t\t\t<div class=\"elementor-widget-container\">\n\t\t\t\t\t<h1 class=\"elementor-heading-title elementor-size-default\">Novel<\/h1>\t\t\t\t<\/div>\n\t\t\t\t<\/div>\n\t\t\t\t\t<\/div>\n\t\t<\/div>\n\t\t\t\t\t<\/div>\n\t\t<\/section>\n\t\t\t\t<section class=\"elementor-section elementor-top-section elementor-element elementor-element-cd5b96d elementor-section-boxed elementor-section-height-default elementor-section-height-default\" data-id=\"cd5b96d\" data-element_type=\"section\" data-e-type=\"section\">\n\t\t\t\t\t\t<div class=\"elementor-container elementor-column-gap-default\">\n\t\t\t\t\t<div class=\"elementor-column elementor-col-100 elementor-top-column elementor-element elementor-element-6051845\" data-id=\"6051845\" data-element_type=\"column\" data-e-type=\"column\">\n\t\t\t<div class=\"elementor-widget-wrap elementor-element-populated\">\n\t\t\t\t\t\t<section class=\"elementor-section elementor-inner-section elementor-element elementor-element-73d68b0 elementor-hidden-desktop elementor-hidden-tablet elementor-hidden-mobile elementor-section-boxed elementor-section-height-default elementor-section-height-default\" data-id=\"73d68b0\" data-element_type=\"section\" data-e-type=\"section\">\n\t\t\t\t\t\t<div class=\"elementor-container elementor-column-gap-default\">\n\t\t\t\t\t<div class=\"elementor-column elementor-col-50 elementor-inner-column elementor-element elementor-element-d1ea304\" data-id=\"d1ea304\" data-element_type=\"column\" data-e-type=\"column\" data-settings=\"{&quot;background_background&quot;:&quot;classic&quot;}\">\n\t\t\t<div class=\"elementor-widget-wrap elementor-element-populated\">\n\t\t\t\t\t\t<div class=\"elementor-element elementor-element-bf5fefa elementor-widget elementor-widget-image\" data-id=\"bf5fefa\" data-element_type=\"widget\" data-e-type=\"widget\" data-widget_type=\"image.default\">\n\t\t\t\t<div class=\"elementor-widget-container\">\n\t\t\t\t\t\t\t\t\t\t\t\t\t\t\t<img fetchpriority=\"high\" decoding=\"async\" width=\"640\" height=\"1024\" src=\"https:\/\/angelinaroth.com\/wp-content\/uploads\/2022\/02\/The-Closerie-Ebook-PDF0001-00.jpg\" class=\"attachment-large size-large wp-image-5255\" alt=\"\" srcset=\"https:\/\/angelinaroth.com\/wp-content\/uploads\/2022\/02\/The-Closerie-Ebook-PDF0001-00.jpg 1500w, https:\/\/angelinaroth.com\/wp-content\/uploads\/2022\/02\/The-Closerie-Ebook-PDF0001-00-188x300.jpg 188w, https:\/\/angelinaroth.com\/wp-content\/uploads\/2022\/02\/The-Closerie-Ebook-PDF0001-00-640x1024.jpg 640w, https:\/\/angelinaroth.com\/wp-content\/uploads\/2022\/02\/The-Closerie-Ebook-PDF0001-00-768x1229.jpg 768w, https:\/\/angelinaroth.com\/wp-content\/uploads\/2022\/02\/The-Closerie-Ebook-PDF0001-00-960x1536.jpg 960w, https:\/\/angelinaroth.com\/wp-content\/uploads\/2022\/02\/The-Closerie-Ebook-PDF0001-00-1280x2048.jpg 1280w, https:\/\/angelinaroth.com\/wp-content\/uploads\/2022\/02\/The-Closerie-Ebook-PDF0001-00-8x12.jpg 8w\" sizes=\"(max-width: 640px) 100vw, 640px\" \/>\t\t\t\t\t\t\t\t\t\t\t\t\t\t\t<\/div>\n\t\t\t\t<\/div>\n\t\t\t\t\t<\/div>\n\t\t<\/div>\n\t\t\t\t<div class=\"elementor-column elementor-col-50 elementor-inner-column elementor-element elementor-element-845647b\" data-id=\"845647b\" data-element_type=\"column\" data-e-type=\"column\">\n\t\t\t<div class=\"elementor-widget-wrap elementor-element-populated\">\n\t\t\t\t\t\t<div class=\"elementor-element elementor-element-508792d elementor-widget elementor-widget-heading\" data-id=\"508792d\" data-element_type=\"widget\" data-e-type=\"widget\" data-widget_type=\"heading.default\">\n\t\t\t\t<div class=\"elementor-widget-container\">\n\t\t\t\t\t<h2 class=\"elementor-heading-title elementor-size-default\">\"books like this are the reason i love reading so much\"<\/h2>\t\t\t\t<\/div>\n\t\t\t\t<\/div>\n\t\t\t\t<div class=\"elementor-element elementor-element-3854605 elementor-widget elementor-widget-text-editor\" data-id=\"3854605\" data-element_type=\"widget\" data-e-type=\"widget\" data-widget_type=\"text-editor.default\">\n\t\t\t\t<div class=\"elementor-widget-container\">\n\t\t\t\t\t\t\t\t\t<p class=\"translation-block\">Since the 1920s, the artists\u2019 caf\u00e9 has been a legendary, fascinating meeting place. But where can we find something comparable today? Where can we meet other artists? The answer is: online.<br>Damian, a budding writer, has founded a virtual artists\u2019 caf\u00e9, where he meets the emerging poet Johannes and the beginning painter Natascha. Via screens in their apartments, the three artists discuss their progress and self-doubts and, over time, grow closer and closer despite their idiosyncratic personalities.<br>One day, they decide to deepen their digital connection and arrange to meet in person. But is the actual artists\u2019 caf\u00e9 really better than the virtual one?<\/p>\t\t\t\t\t\t\t\t<\/div>\n\t\t\t\t<\/div>\n\t\t\t\t<div class=\"elementor-element elementor-element-e60e55f elementor-widget__width-auto elementor-align-left elementor-widget elementor-widget-button\" data-id=\"e60e55f\" data-element_type=\"widget\" data-e-type=\"widget\" data-no-translation=\"\" data-widget_type=\"button.default\">\n\t\t\t\t<div class=\"elementor-widget-container\">\n\t\t\t\t\t<style>.elementor-element-e60e55f{display:none !important}<\/style>\t\t\t\t<\/div>\n\t\t\t\t<\/div>\n\t\t\t\t<div class=\"elementor-element elementor-element-7441e7b elementor-widget__width-auto elementor-align-left elementor-widget elementor-widget-button\" data-id=\"7441e7b\" data-element_type=\"widget\" data-e-type=\"widget\" data-widget_type=\"button.default\">\n\t\t\t\t<div class=\"elementor-widget-container\">\n\t\t\t\t\t\t\t\t\t<div class=\"elementor-button-wrapper\">\n\t\t\t\t\t<a class=\"elementor-button elementor-button-link elementor-size-sm\" href=\"https:\/\/www.amazon.de\/Die-Closerie-Angelina-Roth\/dp\/3753401730\/\" target=\"_blank\" rel=\"noopener noreferrer\">\n\t\t\t\t\t\t<span class=\"elementor-button-content-wrapper\">\n\t\t\t\t\t\t\t\t\t<span class=\"elementor-button-text\">Order<\/span>\n\t\t\t\t\t<\/span>\n\t\t\t\t\t<\/a>\n\t\t\t\t<\/div>\n\t\t\t\t\t\t\t\t<\/div>\n\t\t\t\t<\/div>\n\t\t\t\t\t<\/div>\n\t\t<\/div>\n\t\t\t\t\t<\/div>\n\t\t<\/section>\n\t\t\t\t<section class=\"elementor-section elementor-inner-section elementor-element elementor-element-03ce19f elementor-hidden-desktop elementor-hidden-tablet elementor-hidden-mobile elementor-section-boxed elementor-section-height-default elementor-section-height-default\" data-id=\"03ce19f\" data-element_type=\"section\" data-e-type=\"section\">\n\t\t\t\t\t\t<div class=\"elementor-container elementor-column-gap-default\">\n\t\t\t\t\t<div class=\"elementor-column elementor-col-50 elementor-inner-column elementor-element elementor-element-e5f2be5\" data-id=\"e5f2be5\" data-element_type=\"column\" data-e-type=\"column\" data-settings=\"{&quot;background_background&quot;:&quot;classic&quot;}\">\n\t\t\t<div class=\"elementor-widget-wrap elementor-element-populated\">\n\t\t\t\t\t\t<div class=\"elementor-element elementor-element-46a8ebf elementor-widget elementor-widget-image\" data-id=\"46a8ebf\" data-element_type=\"widget\" data-e-type=\"widget\" data-widget_type=\"image.default\">\n\t\t\t\t<div class=\"elementor-widget-container\">\n\t\t\t\t\t\t\t\t\t\t\t\t\t\t\t<img decoding=\"async\" width=\"645\" height=\"1024\" src=\"https:\/\/angelinaroth.com\/wp-content\/uploads\/2021\/08\/cover_antoine_exlex-645x1024.jpg\" class=\"attachment-large size-large wp-image-105\" alt=\"\" srcset=\"https:\/\/angelinaroth.com\/wp-content\/uploads\/2021\/08\/cover_antoine_exlex-645x1024.jpg 645w, https:\/\/angelinaroth.com\/wp-content\/uploads\/2021\/08\/cover_antoine_exlex-189x300.jpg 189w, https:\/\/angelinaroth.com\/wp-content\/uploads\/2021\/08\/cover_antoine_exlex-768x1218.jpg 768w, https:\/\/angelinaroth.com\/wp-content\/uploads\/2021\/08\/cover_antoine_exlex-968x1536.jpg 968w, https:\/\/angelinaroth.com\/wp-content\/uploads\/2021\/08\/cover_antoine_exlex-1291x2048.jpg 1291w, https:\/\/angelinaroth.com\/wp-content\/uploads\/2021\/08\/cover_antoine_exlex.jpg 1415w\" sizes=\"(max-width: 645px) 100vw, 645px\" \/>\t\t\t\t\t\t\t\t\t\t\t\t\t\t\t<\/div>\n\t\t\t\t<\/div>\n\t\t\t\t\t<\/div>\n\t\t<\/div>\n\t\t\t\t<div class=\"elementor-column elementor-col-50 elementor-inner-column elementor-element elementor-element-ec82391\" data-id=\"ec82391\" data-element_type=\"column\" data-e-type=\"column\">\n\t\t\t<div class=\"elementor-widget-wrap elementor-element-populated\">\n\t\t\t\t\t\t<div class=\"elementor-element elementor-element-2784396 elementor-widget elementor-widget-heading\" data-id=\"2784396\" data-element_type=\"widget\" data-e-type=\"widget\" data-no-translation=\"\" data-widget_type=\"heading.default\">\n\t\t\t\t<div class=\"elementor-widget-container\">\n\t\t\t\t\t<h2 class=\"elementor-heading-title elementor-size-default\">German only<\/h2>\t\t\t\t<\/div>\n\t\t\t\t<\/div>\n\t\t\t\t<div class=\"elementor-element elementor-element-13f2e5e elementor-invisible elementor-widget elementor-widget-heading\" data-id=\"13f2e5e\" data-element_type=\"widget\" data-e-type=\"widget\" data-settings=\"{&quot;_animation&quot;:&quot;fadeInUp&quot;}\" data-widget_type=\"heading.default\">\n\t\t\t\t<div class=\"elementor-widget-container\">\n\t\t\t\t\t<h2 class=\"elementor-heading-title elementor-size-default\">\u00bbEin sehr gelungenes Deb\u00fct\u00ab<\/h2>\t\t\t\t<\/div>\n\t\t\t\t<\/div>\n\t\t\t\t<div class=\"elementor-element elementor-element-c1508b7 elementor-widget elementor-widget-text-editor\" data-id=\"c1508b7\" data-element_type=\"widget\" data-e-type=\"widget\" data-widget_type=\"text-editor.default\">\n\t\t\t\t<div class=\"elementor-widget-container\">\n\t\t\t\t\t\t\t\t\t<p><span class=\"value\">Antoine ist jung, gut ausgebildet und frei von jeglichen Ambitionen. Er versucht, der Arbeitswelt auszuweichen, und f\u00fchrt ein dekadentes, von Ziellosigkeit gepr\u00e4gtes Leben. Sein Freund Paul arbeitet in der Werbebranche und hat eine aussichtsreiche Karriere vor sich. Insgeheim tr\u00e4umt er aber von einem Leben als K\u00fcnstler. <br \/>Beide wollen etwas \u00e4ndern und stehen vor der gleichen Frage: Wie trifft man die richtige Entscheidung und findet den f\u00fcr sich passenden Weg?<\/span><\/p><p><span class=\"value\">Eine Geschichte \u00fcber Lebensinhalt, Schicksal und Freiheit in der Multioptionsgesellschaft.<\/span><\/p>\t\t\t\t\t\t\t\t<\/div>\n\t\t\t\t<\/div>\n\t\t\t\t<div class=\"elementor-element elementor-element-bbb2c36 elementor-widget__width-auto elementor-align-left elementor-widget elementor-widget-button\" data-id=\"bbb2c36\" data-element_type=\"widget\" data-e-type=\"widget\" data-no-translation=\"\" data-widget_type=\"button.default\">\n\t\t\t\t<div class=\"elementor-widget-container\">\n\t\t\t\t\t<style>.elementor-element-bbb2c36{display:none !important}<\/style>\t\t\t\t<\/div>\n\t\t\t\t<\/div>\n\t\t\t\t<div class=\"elementor-element elementor-element-c246ffe elementor-widget__width-auto elementor-align-left elementor-widget elementor-widget-button\" data-id=\"c246ffe\" data-element_type=\"widget\" data-e-type=\"widget\" data-widget_type=\"button.default\">\n\t\t\t\t<div class=\"elementor-widget-container\">\n\t\t\t\t\t\t\t\t\t<div class=\"elementor-button-wrapper\">\n\t\t\t\t\t<a class=\"elementor-button elementor-button-link elementor-size-sm\" href=\"#elementor-action%3Aaction%3Dpopup%3Aopen%26settings%3DeyJpZCI6IjEyOTYiLCJ0b2dnbGUiOmZhbHNlfQ%3D%3D\" target=\"_blank\" rel=\"noopener noreferrer\">\n\t\t\t\t\t\t<span class=\"elementor-button-content-wrapper\">\n\t\t\t\t\t\t\t\t\t<span class=\"elementor-button-text\">Trailer<\/span>\n\t\t\t\t\t<\/span>\n\t\t\t\t\t<\/a>\n\t\t\t\t<\/div>\n\t\t\t\t\t\t\t\t<\/div>\n\t\t\t\t<\/div>\n\t\t\t\t<div class=\"elementor-element elementor-element-c29221e elementor-widget__width-auto elementor-align-left elementor-widget elementor-widget-button\" data-id=\"c29221e\" data-element_type=\"widget\" data-e-type=\"widget\" data-widget_type=\"button.default\">\n\t\t\t\t<div class=\"elementor-widget-container\">\n\t\t\t\t\t\t\t\t\t<div class=\"elementor-button-wrapper\">\n\t\t\t\t\t<a class=\"elementor-button elementor-button-link elementor-size-sm\" href=\"https:\/\/www.amazon.de\/Antoine-exlex-Angelina-Roth\/dp\/3750460183\/\" target=\"_blank\" rel=\"noopener noreferrer\">\n\t\t\t\t\t\t<span class=\"elementor-button-content-wrapper\">\n\t\t\t\t\t\t\t\t\t<span class=\"elementor-button-text\">Order<\/span>\n\t\t\t\t\t<\/span>\n\t\t\t\t\t<\/a>\n\t\t\t\t<\/div>\n\t\t\t\t\t\t\t\t<\/div>\n\t\t\t\t<\/div>\n\t\t\t\t\t<\/div>\n\t\t<\/div>\n\t\t\t\t\t<\/div>\n\t\t<\/section>\n\t\t\t\t<div class=\"elementor-element elementor-element-e0aaec5 elementor-widget elementor-widget-heading\" data-id=\"e0aaec5\" data-element_type=\"widget\" data-e-type=\"widget\" data-widget_type=\"heading.default\">\n\t\t\t\t<div class=\"elementor-widget-container\">\n\t\t\t\t\t<h1 class=\"elementor-heading-title elementor-size-default\">Lyrik &amp; Kurzprosa<\/h1>\t\t\t\t<\/div>\n\t\t\t\t<\/div>\n\t\t\t\t<div class=\"elementor-element elementor-element-70b2dd9 elementor-widget elementor-widget-text-editor\" data-id=\"70b2dd9\" data-element_type=\"widget\" data-e-type=\"widget\" data-widget_type=\"text-editor.default\">\n\t\t\t\t<div class=\"elementor-widget-container\">\n\t\t\t\t\t\t\t\t\t<p>\"P e r m a f r o s t\" in the <a href=\"https:\/\/www.turtlemagazin.com\/\" target=\"_blank\" rel=\"noopener\">turtle magazine(s)<\/a>, Munich<\/p>\t\t\t\t\t\t\t\t<\/div>\n\t\t\t\t<\/div>\n\t\t\t\t<div class=\"elementor-element elementor-element-778cd37 elementor-widget elementor-widget-text-editor\" data-id=\"778cd37\" data-element_type=\"widget\" data-e-type=\"widget\" data-widget_type=\"text-editor.default\">\n\t\t\t\t<div class=\"elementor-widget-container\">\n\t\t\t\t\t\t\t\t\t<p>\"Familienh\u00e4ute\" in the literary magazine <a href=\"https:\/\/www.absolut-zine.com\/post\/familienh%C3%A4ute\" target=\"_blank\" rel=\"noopener\">absolutzine<\/a>, Aachen<\/p>\t\t\t\t\t\t\t\t<\/div>\n\t\t\t\t<\/div>\n\t\t\t\t<div class=\"elementor-element elementor-element-5008922 elementor-widget elementor-widget-text-editor\" data-id=\"5008922\" data-element_type=\"widget\" data-e-type=\"widget\" data-widget_type=\"text-editor.default\">\n\t\t\t\t<div class=\"elementor-widget-container\">\n\t\t\t\t\t\t\t\t\t<p>\"Scenes of an addiction\" in the literary magazine <a href=\"https:\/\/www.eisenbartmeisendraht.de\/\" target=\"_blank\" rel=\"noopener\">Eisenbart &amp; Meisendraht<\/a>, Nuremberg and spoken at Radio Z Nuremberg<\/p>\t\t\t\t\t\t\t\t<\/div>\n\t\t\t\t<\/div>\n\t\t\t\t<div class=\"elementor-element elementor-element-2ea64ae elementor-widget elementor-widget-text-editor\" data-id=\"2ea64ae\" data-element_type=\"widget\" data-e-type=\"widget\" data-widget_type=\"text-editor.default\">\n\t\t\t\t<div class=\"elementor-widget-container\">\n\t\t\t\t\t\t\t\t\t<p>\"Having to watch\" in <a href=\"https:\/\/www.trabantenverlag.de\/antikriegslyrik\" target=\"_blank\" rel=\"noopener\">#Antikriegslyrik<\/a> (Anthology), Trabanten Verlag, Berlin<\/p>\t\t\t\t\t\t\t\t<\/div>\n\t\t\t\t<\/div>\n\t\t\t\t\t<\/div>\n\t\t<\/div>\n\t\t\t\t\t<\/div>\n\t\t<\/section>\n\t\t\t\t<section class=\"elementor-section elementor-top-section elementor-element elementor-element-de80e9a elementor-section-boxed elementor-section-height-default elementor-section-height-default\" data-id=\"de80e9a\" data-element_type=\"section\" data-e-type=\"section\">\n\t\t\t\t\t\t<div class=\"elementor-container elementor-column-gap-default\">\n\t\t\t\t\t<div class=\"elementor-column elementor-col-100 elementor-top-column elementor-element elementor-element-d32d038\" data-id=\"d32d038\" data-element_type=\"column\" data-e-type=\"column\">\n\t\t\t<div class=\"elementor-widget-wrap\">\n\t\t\t\t\t\t\t<\/div>\n\t\t<\/div>\n\t\t\t\t\t<\/div>\n\t\t<\/section>\n\t\t\t\t<\/div>","protected":false},"excerpt":{"rendered":"<p>Roman \u00bbb\u00fccher wie dieses sind der grund, warum ich lesen so sehr liebe\u00ab Sp\u00e4testens seit den 1920er-Jahren ist das K\u00fcnstlercaf\u00e9 ein legend\u00e4rer und faszinierender Ort der Begegnung. Doch wo findet man so etwas heute? Wo begegnet man anderen Kunstschaffenden? Die Antwort: im Internet.Der angehende Schriftsteller Damian hat ein virtuelles K\u00fcnstlercaf\u00e9 gegr\u00fcndet. Dort trifft er auf [&hellip;]<\/p>\n","protected":false},"author":3,"featured_media":252,"parent":0,"menu_order":0,"comment_status":"closed","ping_status":"closed","template":"elementor_header_footer","meta":{"_mo_disable_npp":"","footnotes":""},"class_list":["post-753","page","type-page","status-publish","has-post-thumbnail","hentry"],"_links":{"self":[{"href":"https:\/\/angelinaroth.com\/en\/wp-json\/wp\/v2\/pages\/753","targetHints":{"allow":["GET"]}}],"collection":[{"href":"https:\/\/angelinaroth.com\/en\/wp-json\/wp\/v2\/pages"}],"about":[{"href":"https:\/\/angelinaroth.com\/en\/wp-json\/wp\/v2\/types\/page"}],"author":[{"embeddable":true,"href":"https:\/\/angelinaroth.com\/en\/wp-json\/wp\/v2\/users\/3"}],"replies":[{"embeddable":true,"href":"https:\/\/angelinaroth.com\/en\/wp-json\/wp\/v2\/comments?post=753"}],"version-history":[{"count":2,"href":"https:\/\/angelinaroth.com\/en\/wp-json\/wp\/v2\/pages\/753\/revisions"}],"predecessor-version":[{"id":11320,"href":"https:\/\/angelinaroth.com\/en\/wp-json\/wp\/v2\/pages\/753\/revisions\/11320"}],"wp:featuredmedia":[{"embeddable":true,"href":"https:\/\/angelinaroth.com\/en\/wp-json\/wp\/v2\/media\/252"}],"wp:attachment":[{"href":"https:\/\/angelinaroth.com\/en\/wp-json\/wp\/v2\/media?parent=753"}],"curies":[{"name":"wp","href":"https:\/\/api.w.org\/{rel}","templated":true}]}}